{"id":1113,"date":"2018-10-12T17:33:59","date_gmt":"2018-10-12T15:33:59","guid":{"rendered":"https:\/\/tetralog.de\/impressum\/"},"modified":"2025-02-24T12:12:28","modified_gmt":"2025-02-24T11:12:28","slug":"impressum","status":"publish","type":"page","link":"https:\/\/tetralog.de\/en\/impressum\/","title":{"rendered":"Impressum"},"content":{"rendered":"<p>Angaben gem\u00e4\u00df \u00a7 5 TMG:<br \/>\ntetralog systems AG | a cleversoft group company<br \/>\nLuise-Ullrich-Str. 14<br \/>\n80636 M\u00fcnchen<br \/>\nTel +49 (89) 288 511-10<br \/>\n<a href=\"mailto:contact@clever-soft.com\">contact@clever-soft.com<\/a><\/p>\n<p>Verantwortlich f\u00fcr den Inhalt nach \u00a7 55 Abs. 2 RStV:<br \/>\nTorsten Lange, Thomas Froschmeier<\/p>\n<p>Registered office: Munich<br \/>\nRegistration court: Amtsgericht Munich<br \/>\nCommercial register: HRB 129168<br \/>\nVAT ID\/Umsatzsteuer-Identifikationsnummer gem\u00e4\u00df \u00a727 a Umsatzsteuergesetz: DE206360254<\/p>\n<p>More information about the cleversoft group:<br \/>\n<a href=\"https:\/\/www.clever-soft.com\/\">www.clever-soft.com<\/a><\/p>\n<p>Hinweise zu Urheberrechten<br \/>\nDie durch die Seitenbetreiber erstellten Inhalte und Werke auf diesen Seiten unterliegen dem deutschen Urheberrecht. Die Vervielf\u00e4ltigung, Bearbeitung, Verbreitung und jede Art der Verwertung au\u00dferhalb der Grenzen des Urheberrechtes bed\u00fcrfen der schriftlichen Zustimmung des jeweiligen Autors bzw. Erstellers. Downloads und Kopien dieser Seite sind nur f\u00fcr den privaten, nicht kommerziellen Gebrauch gestattet. Soweit die Inhalte auf dieser Seite nicht vom Betreiber erstellt wurden, werden die Urheberrechte Dritter beachtet. Insbesondere werden Inhalte Dritter als solche gekennzeichnet. Sollten Sie trotzdem auf eine Urheberrechtsverletzung aufmerksam werden, bitten wir um einen entsprechenden Hinweis. Bei Bekanntwerden von Rechtsverletzungen werden wir derartige Inhalte umgehend entfernen.<\/p>\n","protected":false},"excerpt":{"rendered":"<p>Angaben gem\u00e4\u00df \u00a7 5 TMG: tetralog systems AG | a cleversoft group company Luise-Ullrich-Str. 14 80636 M\u00fcnchen Tel +49 (89) 288 511-10 contact@clever-soft.com Verantwortlich f\u00fcr den Inhalt nach \u00a7 55 Abs. 2 RStV: Torsten Lange, Thomas Froschmeier Registered office: Munich Registration court: Amtsgericht Munich Commercial register: HRB 129168 VAT ID\/Umsatzsteuer-Identifikationsnummer gem\u00e4\u00df \u00a727 a Umsatzsteuergesetz: DE206360254 More information about the cleversoft group: www.clever-soft.com Hinweise zu Urheberrechten Die durch die Seitenbetreiber erstellten Inhalte und Werke auf diesen Seiten unterliegen dem deutschen Urheberrecht. Die Vervielf\u00e4ltigung, Bearbeitung, Verbreitung und jede Art der Verwertung au\u00dferhalb der Grenzen des Urheberrechtes bed\u00fcrfen der schriftlichen Zustimmung des jeweiligen Autors bzw. Erstellers. Downloads und Kopien dieser Seite sind nur f\u00fcr den privaten, nicht kommerziellen Gebrauch gestattet. Soweit die Inhalte auf dieser Seite nicht vom Betreiber erstellt wurden, werden die Urheberrechte Dritter beachtet. Insbesondere werden Inhalte Dritter als solche gekennzeichnet. Sollten Sie trotzdem auf eine Urheberrechtsverletzung aufmerksam werden, bitten wir um einen entsprechenden Hinweis. Bei Bekanntwerden von Rechtsverletzungen werden wir derartige Inhalte umgehend entfernen.<\/p>\n","protected":false},"author":1,"featured_media":0,"parent":0,"menu_order":0,"comment_status":"closed","ping_status":"closed","template":"","meta":{"inline_featured_image":false,"footnotes":"","_links_to":"","_links_to_target":""},"class_list":["post-1113","page","type-page","status-publish","hentry"],"acf":[],"yoast_head":"<!-- This site is optimized with the Yoast SEO plugin v26.1.1 - https:\/\/yoast.com\/wordpress\/plugins\/seo\/ -->\n<title>Impressum - tetralog systems<\/title>\n<meta name=\"robots\" content=\"index, follow, max-snippet:-1, max-image-preview:large, max-video-preview:-1\" \/>\n<link rel=\"canonical\" href=\"https:\/\/tetralog.de\/en\/impressum\/\" \/>\n<meta property=\"og:locale\" content=\"en_US\" \/>\n<meta property=\"og:type\" content=\"article\" \/>\n<meta property=\"og:title\" content=\"Impressum - tetralog systems\" \/>\n<meta property=\"og:description\" content=\"Angaben gem\u00e4\u00df \u00a7 5 TMG: tetralog systems AG | a cleversoft group company Luise-Ullrich-Str. 14 80636 M\u00fcnchen Tel +49 (89) 288 511-10 contact@clever-soft.com Verantwortlich f\u00fcr den Inhalt nach \u00a7 55 Abs. 2 RStV: Torsten Lange, Thomas Froschmeier Registered office: Munich Registration court: Amtsgericht Munich Commercial register: HRB 129168 VAT ID\/Umsatzsteuer-Identifikationsnummer gem\u00e4\u00df \u00a727 a Umsatzsteuergesetz: DE206360254 More information about the cleversoft group: www.clever-soft.com Hinweise zu Urheberrechten Die durch die Seitenbetreiber erstellten Inhalte und Werke auf diesen Seiten unterliegen dem deutschen Urheberrecht. Die Vervielf\u00e4ltigung, Bearbeitung, Verbreitung und jede Art der Verwertung au\u00dferhalb der Grenzen des Urheberrechtes bed\u00fcrfen der schriftlichen Zustimmung des jeweiligen Autors bzw. Erstellers. Downloads und Kopien dieser Seite sind nur f\u00fcr den privaten, nicht kommerziellen Gebrauch gestattet. Soweit die Inhalte auf dieser Seite nicht vom Betreiber erstellt wurden, werden die Urheberrechte Dritter beachtet. Insbesondere werden Inhalte Dritter als solche gekennzeichnet. Sollten Sie trotzdem auf eine Urheberrechtsverletzung aufmerksam werden, bitten wir um einen entsprechenden Hinweis. Bei Bekanntwerden von Rechtsverletzungen werden wir derartige Inhalte umgehend entfernen.\" \/>\n<meta property=\"og:url\" content=\"https:\/\/tetralog.de\/en\/impressum\/\" \/>\n<meta property=\"og:site_name\" content=\"tetralog systems\" \/>\n<meta property=\"article:modified_time\" content=\"2025-02-24T11:12:28+00:00\" \/>\n<meta name=\"twitter:card\" content=\"summary_large_image\" \/>\n<meta name=\"twitter:label1\" content=\"Est. reading time\" \/>\n\t<meta name=\"twitter:data1\" content=\"1 minute\" \/>\n<script type=\"application\/ld+json\" class=\"yoast-schema-graph\">{\"@context\":\"https:\/\/schema.org\",\"@graph\":[{\"@type\":\"WebPage\",\"@id\":\"https:\/\/tetralog.de\/en\/impressum\/\",\"url\":\"https:\/\/tetralog.de\/en\/impressum\/\",\"name\":\"Impressum - tetralog systems\",\"isPartOf\":{\"@id\":\"https:\/\/tetralog.de\/#website\"},\"datePublished\":\"2018-10-12T15:33:59+00:00\",\"dateModified\":\"2025-02-24T11:12:28+00:00\",\"breadcrumb\":{\"@id\":\"https:\/\/tetralog.de\/en\/impressum\/#breadcrumb\"},\"inLanguage\":\"en-US\",\"potentialAction\":[{\"@type\":\"ReadAction\",\"target\":[\"https:\/\/tetralog.de\/en\/impressum\/\"]}]},{\"@type\":\"BreadcrumbList\",\"@id\":\"https:\/\/tetralog.de\/en\/impressum\/#breadcrumb\",\"itemListElement\":[{\"@type\":\"ListItem\",\"position\":1,\"name\":\"Startseite\",\"item\":\"https:\/\/tetralog.de\/en\/\"},{\"@type\":\"ListItem\",\"position\":2,\"name\":\"Impressum\"}]},{\"@type\":\"WebSite\",\"@id\":\"https:\/\/tetralog.de\/#website\",\"url\":\"https:\/\/tetralog.de\/\",\"name\":\"tetralog systems\",\"description\":\"\",\"publisher\":{\"@id\":\"https:\/\/tetralog.de\/#organization\"},\"alternateName\":\"tetralog\",\"potentialAction\":[{\"@type\":\"SearchAction\",\"target\":{\"@type\":\"EntryPoint\",\"urlTemplate\":\"https:\/\/tetralog.de\/?s={search_term_string}\"},\"query-input\":{\"@type\":\"PropertyValueSpecification\",\"valueRequired\":true,\"valueName\":\"search_term_string\"}}],\"inLanguage\":\"en-US\"},{\"@type\":\"Organization\",\"@id\":\"https:\/\/tetralog.de\/#organization\",\"name\":\"tetralog systems\",\"url\":\"https:\/\/tetralog.de\/\",\"logo\":{\"@type\":\"ImageObject\",\"inLanguage\":\"en-US\",\"@id\":\"https:\/\/tetralog.de\/#\/schema\/logo\/image\/\",\"url\":\"https:\/\/tetralog.de\/wp-content\/uploads\/2023\/01\/tetralog_logo.jpg\",\"contentUrl\":\"https:\/\/tetralog.de\/wp-content\/uploads\/2023\/01\/tetralog_logo.jpg\",\"width\":1000,\"height\":944,\"caption\":\"tetralog systems\"},\"image\":{\"@id\":\"https:\/\/tetralog.de\/#\/schema\/logo\/image\/\"},\"sameAs\":[\"https:\/\/linkedin.com\/company\/tetralog-systems-ag\"]}]}<\/script>\n<!-- \/ Yoast SEO plugin. -->","yoast_head_json":{"title":"Impressum - tetralog systems","robots":{"index":"index","follow":"follow","max-snippet":"max-snippet:-1","max-image-preview":"max-image-preview:large","max-video-preview":"max-video-preview:-1"},"canonical":"https:\/\/tetralog.de\/en\/impressum\/","og_locale":"en_US","og_type":"article","og_title":"Impressum - tetralog systems","og_description":"Angaben gem\u00e4\u00df \u00a7 5 TMG: tetralog systems AG | a cleversoft group company Luise-Ullrich-Str. 14 80636 M\u00fcnchen Tel +49 (89) 288 511-10 contact@clever-soft.com Verantwortlich f\u00fcr den Inhalt nach \u00a7 55 Abs. 2 RStV: Torsten Lange, Thomas Froschmeier Registered office: Munich Registration court: Amtsgericht Munich Commercial register: HRB 129168 VAT ID\/Umsatzsteuer-Identifikationsnummer gem\u00e4\u00df \u00a727 a Umsatzsteuergesetz: DE206360254 More information about the cleversoft group: www.clever-soft.com Hinweise zu Urheberrechten Die durch die Seitenbetreiber erstellten Inhalte und Werke auf diesen Seiten unterliegen dem deutschen Urheberrecht. Die Vervielf\u00e4ltigung, Bearbeitung, Verbreitung und jede Art der Verwertung au\u00dferhalb der Grenzen des Urheberrechtes bed\u00fcrfen der schriftlichen Zustimmung des jeweiligen Autors bzw. Erstellers. Downloads und Kopien dieser Seite sind nur f\u00fcr den privaten, nicht kommerziellen Gebrauch gestattet. Soweit die Inhalte auf dieser Seite nicht vom Betreiber erstellt wurden, werden die Urheberrechte Dritter beachtet. Insbesondere werden Inhalte Dritter als solche gekennzeichnet. Sollten Sie trotzdem auf eine Urheberrechtsverletzung aufmerksam werden, bitten wir um einen entsprechenden Hinweis. Bei Bekanntwerden von Rechtsverletzungen werden wir derartige Inhalte umgehend entfernen.","og_url":"https:\/\/tetralog.de\/en\/impressum\/","og_site_name":"tetralog systems","article_modified_time":"2025-02-24T11:12:28+00:00","twitter_card":"summary_large_image","twitter_misc":{"Est. reading time":"1 minute"},"schema":{"@context":"https:\/\/schema.org","@graph":[{"@type":"WebPage","@id":"https:\/\/tetralog.de\/en\/impressum\/","url":"https:\/\/tetralog.de\/en\/impressum\/","name":"Impressum - tetralog systems","isPartOf":{"@id":"https:\/\/tetralog.de\/#website"},"datePublished":"2018-10-12T15:33:59+00:00","dateModified":"2025-02-24T11:12:28+00:00","breadcrumb":{"@id":"https:\/\/tetralog.de\/en\/impressum\/#breadcrumb"},"inLanguage":"en-US","potentialAction":[{"@type":"ReadAction","target":["https:\/\/tetralog.de\/en\/impressum\/"]}]},{"@type":"BreadcrumbList","@id":"https:\/\/tetralog.de\/en\/impressum\/#breadcrumb","itemListElement":[{"@type":"ListItem","position":1,"name":"Startseite","item":"https:\/\/tetralog.de\/en\/"},{"@type":"ListItem","position":2,"name":"Impressum"}]},{"@type":"WebSite","@id":"https:\/\/tetralog.de\/#website","url":"https:\/\/tetralog.de\/","name":"tetralog systems","description":"","publisher":{"@id":"https:\/\/tetralog.de\/#organization"},"alternateName":"tetralog","potentialAction":[{"@type":"SearchAction","target":{"@type":"EntryPoint","urlTemplate":"https:\/\/tetralog.de\/?s={search_term_string}"},"query-input":{"@type":"PropertyValueSpecification","valueRequired":true,"valueName":"search_term_string"}}],"inLanguage":"en-US"},{"@type":"Organization","@id":"https:\/\/tetralog.de\/#organization","name":"tetralog systems","url":"https:\/\/tetralog.de\/","logo":{"@type":"ImageObject","inLanguage":"en-US","@id":"https:\/\/tetralog.de\/#\/schema\/logo\/image\/","url":"https:\/\/tetralog.de\/wp-content\/uploads\/2023\/01\/tetralog_logo.jpg","contentUrl":"https:\/\/tetralog.de\/wp-content\/uploads\/2023\/01\/tetralog_logo.jpg","width":1000,"height":944,"caption":"tetralog systems"},"image":{"@id":"https:\/\/tetralog.de\/#\/schema\/logo\/image\/"},"sameAs":["https:\/\/linkedin.com\/company\/tetralog-systems-ag"]}]}},"_links":{"self":[{"href":"https:\/\/tetralog.de\/en\/wp-json\/wp\/v2\/pages\/1113","targetHints":{"allow":["GET"]}}],"collection":[{"href":"https:\/\/tetralog.de\/en\/wp-json\/wp\/v2\/pages"}],"about":[{"href":"https:\/\/tetralog.de\/en\/wp-json\/wp\/v2\/types\/page"}],"author":[{"embeddable":true,"href":"https:\/\/tetralog.de\/en\/wp-json\/wp\/v2\/users\/1"}],"replies":[{"embeddable":true,"href":"https:\/\/tetralog.de\/en\/wp-json\/wp\/v2\/comments?post=1113"}],"version-history":[{"count":11,"href":"https:\/\/tetralog.de\/en\/wp-json\/wp\/v2\/pages\/1113\/revisions"}],"predecessor-version":[{"id":3041,"href":"https:\/\/tetralog.de\/en\/wp-json\/wp\/v2\/pages\/1113\/revisions\/3041"}],"wp:attachment":[{"href":"https:\/\/tetralog.de\/en\/wp-json\/wp\/v2\/media?parent=1113"}],"curies":[{"name":"wp","href":"https:\/\/api.w.org\/{rel}","templated":true}]}}